{"id":112,"date":"2025-05-26T11:13:00","date_gmt":"2025-05-26T08:13:00","guid":{"rendered":"https:\/\/trillionw.com\/?page_id=112"},"modified":"2025-05-27T14:42:57","modified_gmt":"2025-05-27T11:42:57","slug":"profit-calculator","status":"publish","type":"page","link":"https:\/\/trillionw.com\/fr\/profit-calculator\/","title":{"rendered":"Calculateur de profit"},"content":{"rendered":"<h1>Calculateur de profit<\/h1>\n<p class=\"text1\">Utilisez notre calculateur pour estimer vos profits et prendre des d\u00e9cisions de trading \u00e9clair\u00e9es.<\/p>\n","protected":false},"excerpt":{"rendered":"<p>Calculateur de profit Utilisez notre calculateur pour estimer vos profits et prendre des d\u00e9cisions de trading \u00e9clair\u00e9es.<\/p>\n","protected":false},"author":1,"featured_media":0,"parent":0,"menu_order":0,"comment_status":"closed","ping_status":"closed","template":"pages-template\/template-profit-calculator.php","meta":{"footnotes":""},"class_list":["post-112","page","type-page","status-publish","hentry"],"_links":{"self":[{"href":"https:\/\/trillionw.com\/fr\/wp-json\/wp\/v2\/pages\/112","targetHints":{"allow":["GET"]}}],"collection":[{"href":"https:\/\/trillionw.com\/fr\/wp-json\/wp\/v2\/pages"}],"about":[{"href":"https:\/\/trillionw.com\/fr\/wp-json\/wp\/v2\/types\/page"}],"author":[{"embeddable":true,"href":"https:\/\/trillionw.com\/fr\/wp-json\/wp\/v2\/users\/1"}],"replies":[{"embeddable":true,"href":"https:\/\/trillionw.com\/fr\/wp-json\/wp\/v2\/comments?post=112"}],"version-history":[{"count":3,"href":"https:\/\/trillionw.com\/fr\/wp-json\/wp\/v2\/pages\/112\/revisions"}],"predecessor-version":[{"id":131,"href":"https:\/\/trillionw.com\/fr\/wp-json\/wp\/v2\/pages\/112\/revisions\/131"}],"wp:attachment":[{"href":"https:\/\/trillionw.com\/fr\/wp-json\/wp\/v2\/media?parent=112"}],"curies":[{"name":"wp","href":"https:\/\/api.w.org\/{rel}","templated":true}]}}