{"id":17,"date":"2025-05-22T13:37:20","date_gmt":"2025-05-22T10:37:20","guid":{"rendered":"https:\/\/trillionw.com\/?page_id=17"},"modified":"2025-05-27T14:24:52","modified_gmt":"2025-05-27T11:24:52","slug":"careers","status":"publish","type":"page","link":"https:\/\/trillionw.com\/fr\/careers\/","title":{"rendered":"Carri\u00e8res"},"content":{"rendered":"<h1>Carri\u00e8res<\/h1>\n<p class=\"text1\">D\u00e9veloppez votre carri\u00e8re au sein d\u2019une entreprise<br \/> qui valorise la croissance, le talent et l\u2019innovation.<\/p>\n","protected":false},"excerpt":{"rendered":"<p>Carri\u00e8res D\u00e9veloppez votre carri\u00e8re au sein d\u2019une entreprise qui valorise la croissance, le talent et l\u2019innovation.<\/p>\n","protected":false},"author":1,"featured_media":0,"parent":0,"menu_order":0,"comment_status":"closed","ping_status":"closed","template":"pages-template\/template-careers.php","meta":{"footnotes":""},"class_list":["post-17","page","type-page","status-publish","hentry"],"_links":{"self":[{"href":"https:\/\/trillionw.com\/fr\/wp-json\/wp\/v2\/pages\/17","targetHints":{"allow":["GET"]}}],"collection":[{"href":"https:\/\/trillionw.com\/fr\/wp-json\/wp\/v2\/pages"}],"about":[{"href":"https:\/\/trillionw.com\/fr\/wp-json\/wp\/v2\/types\/page"}],"author":[{"embeddable":true,"href":"https:\/\/trillionw.com\/fr\/wp-json\/wp\/v2\/users\/1"}],"replies":[{"embeddable":true,"href":"https:\/\/trillionw.com\/fr\/wp-json\/wp\/v2\/comments?post=17"}],"version-history":[{"count":5,"href":"https:\/\/trillionw.com\/fr\/wp-json\/wp\/v2\/pages\/17\/revisions"}],"predecessor-version":[{"id":119,"href":"https:\/\/trillionw.com\/fr\/wp-json\/wp\/v2\/pages\/17\/revisions\/119"}],"wp:attachment":[{"href":"https:\/\/trillionw.com\/fr\/wp-json\/wp\/v2\/media?parent=17"}],"curies":[{"name":"wp","href":"https:\/\/api.w.org\/{rel}","templated":true}]}}