{"id":25,"date":"2025-05-22T16:22:34","date_gmt":"2025-05-22T13:22:34","guid":{"rendered":"https:\/\/trillionw.com\/?page_id=25"},"modified":"2025-05-27T14:24:21","modified_gmt":"2025-05-27T11:24:21","slug":"analytics","status":"publish","type":"page","link":"https:\/\/trillionw.com\/fr\/analytics\/","title":{"rendered":"Analyses"},"content":{"rendered":"<h1>Analyses<\/h1>\n<p class=\"text1\">Gardez une longueur d\u2019avance sur le march\u00e9 gr\u00e2ce aux mises \u00e0 jour en temps r\u00e9el, \u00e0 la recherche fondamentale et aux analyses techniques.<\/p>\n","protected":false},"excerpt":{"rendered":"<p>Analyses Gardez une longueur d\u2019avance sur le march\u00e9 gr\u00e2ce aux mises \u00e0 jour en temps r\u00e9el, \u00e0 la recherche fondamentale et aux analyses techniques.<\/p>\n","protected":false},"author":1,"featured_media":0,"parent":0,"menu_order":0,"comment_status":"closed","ping_status":"closed","template":"pages-template\/template-analytics.php","meta":{"footnotes":""},"class_list":["post-25","page","type-page","status-publish","hentry"],"_links":{"self":[{"href":"https:\/\/trillionw.com\/fr\/wp-json\/wp\/v2\/pages\/25","targetHints":{"allow":["GET"]}}],"collection":[{"href":"https:\/\/trillionw.com\/fr\/wp-json\/wp\/v2\/pages"}],"about":[{"href":"https:\/\/trillionw.com\/fr\/wp-json\/wp\/v2\/types\/page"}],"author":[{"embeddable":true,"href":"https:\/\/trillionw.com\/fr\/wp-json\/wp\/v2\/users\/1"}],"replies":[{"embeddable":true,"href":"https:\/\/trillionw.com\/fr\/wp-json\/wp\/v2\/comments?post=25"}],"version-history":[{"count":4,"href":"https:\/\/trillionw.com\/fr\/wp-json\/wp\/v2\/pages\/25\/revisions"}],"predecessor-version":[{"id":118,"href":"https:\/\/trillionw.com\/fr\/wp-json\/wp\/v2\/pages\/25\/revisions\/118"}],"wp:attachment":[{"href":"https:\/\/trillionw.com\/fr\/wp-json\/wp\/v2\/media?parent=25"}],"curies":[{"name":"wp","href":"https:\/\/api.w.org\/{rel}","templated":true}]}}