{"id":28,"date":"2025-05-22T17:07:12","date_gmt":"2025-05-22T14:07:12","guid":{"rendered":"https:\/\/trillionw.com\/?page_id=28"},"modified":"2025-05-27T14:23:30","modified_gmt":"2025-05-27T11:23:30","slug":"account-types","status":"publish","type":"page","link":"https:\/\/trillionw.com\/fr\/account-types\/","title":{"rendered":"Types de comptes"},"content":{"rendered":"<h1>Types de comptes<\/h1>\n<p class=\"text1\">Choisissez le compte qui correspond \u00e0 vos objectifs <br \/>et b\u00e9n\u00e9ficiez d\u2019un accompagnement, d\u2019outils et de bonus personnalis\u00e9s.<\/p>\n","protected":false},"excerpt":{"rendered":"<p>Types de comptes Choisissez le compte qui correspond \u00e0 vos objectifs et b\u00e9n\u00e9ficiez d\u2019un accompagnement, d\u2019outils et de bonus personnalis\u00e9s.<\/p>\n","protected":false},"author":1,"featured_media":0,"parent":0,"menu_order":0,"comment_status":"closed","ping_status":"closed","template":"pages-template\/template-accounts-types.php","meta":{"footnotes":""},"class_list":["post-28","page","type-page","status-publish","hentry"],"_links":{"self":[{"href":"https:\/\/trillionw.com\/fr\/wp-json\/wp\/v2\/pages\/28","targetHints":{"allow":["GET"]}}],"collection":[{"href":"https:\/\/trillionw.com\/fr\/wp-json\/wp\/v2\/pages"}],"about":[{"href":"https:\/\/trillionw.com\/fr\/wp-json\/wp\/v2\/types\/page"}],"author":[{"embeddable":true,"href":"https:\/\/trillionw.com\/fr\/wp-json\/wp\/v2\/users\/1"}],"replies":[{"embeddable":true,"href":"https:\/\/trillionw.com\/fr\/wp-json\/wp\/v2\/comments?post=28"}],"version-history":[{"count":6,"href":"https:\/\/trillionw.com\/fr\/wp-json\/wp\/v2\/pages\/28\/revisions"}],"predecessor-version":[{"id":117,"href":"https:\/\/trillionw.com\/fr\/wp-json\/wp\/v2\/pages\/28\/revisions\/117"}],"wp:attachment":[{"href":"https:\/\/trillionw.com\/fr\/wp-json\/wp\/v2\/media?parent=28"}],"curies":[{"name":"wp","href":"https:\/\/api.w.org\/{rel}","templated":true}]}}