{"id":47,"date":"2025-05-23T09:04:21","date_gmt":"2025-05-23T06:04:21","guid":{"rendered":"https:\/\/trillionw.com\/?page_id=47"},"modified":"2025-05-27T14:28:45","modified_gmt":"2025-05-27T11:28:45","slug":"extensions","status":"publish","type":"page","link":"https:\/\/trillionw.com\/fr\/extensions\/","title":{"rendered":"Extensions"},"content":{"rendered":"<h1>Extensions<\/h1>\n<p class=\"text1\">Connectez-vous plus rapidement et b\u00e9n\u00e9ficiez d\u2019un support \u00e0 distance gr\u00e2ce \u00e0 nos outils et applications fiables.<\/p>\n","protected":false},"excerpt":{"rendered":"<p>Extensions Connectez-vous plus rapidement et b\u00e9n\u00e9ficiez d\u2019un support \u00e0 distance gr\u00e2ce \u00e0 nos outils et applications fiables.<\/p>\n","protected":false},"author":1,"featured_media":0,"parent":0,"menu_order":0,"comment_status":"closed","ping_status":"closed","template":"pages-template\/template-extensions.php","meta":{"footnotes":""},"class_list":["post-47","page","type-page","status-publish","hentry"],"_links":{"self":[{"href":"https:\/\/trillionw.com\/fr\/wp-json\/wp\/v2\/pages\/47","targetHints":{"allow":["GET"]}}],"collection":[{"href":"https:\/\/trillionw.com\/fr\/wp-json\/wp\/v2\/pages"}],"about":[{"href":"https:\/\/trillionw.com\/fr\/wp-json\/wp\/v2\/types\/page"}],"author":[{"embeddable":true,"href":"https:\/\/trillionw.com\/fr\/wp-json\/wp\/v2\/users\/1"}],"replies":[{"embeddable":true,"href":"https:\/\/trillionw.com\/fr\/wp-json\/wp\/v2\/comments?post=47"}],"version-history":[{"count":5,"href":"https:\/\/trillionw.com\/fr\/wp-json\/wp\/v2\/pages\/47\/revisions"}],"predecessor-version":[{"id":124,"href":"https:\/\/trillionw.com\/fr\/wp-json\/wp\/v2\/pages\/47\/revisions\/124"}],"wp:attachment":[{"href":"https:\/\/trillionw.com\/fr\/wp-json\/wp\/v2\/media?parent=47"}],"curies":[{"name":"wp","href":"https:\/\/api.w.org\/{rel}","templated":true}]}}