{"id":74,"date":"2025-05-23T14:06:51","date_gmt":"2025-05-23T11:06:51","guid":{"rendered":"https:\/\/trillionw.com\/?page_id=74"},"modified":"2025-06-23T19:51:20","modified_gmt":"2025-06-23T16:51:20","slug":"regulatory-information","status":"publish","type":"page","link":"https:\/\/trillionw.com\/fr\/regulatory-information\/","title":{"rendered":"Informations r\u00e9glementaires"},"content":{"rendered":"<h1>Informations r\u00e9glementaires<\/h1>\n<p class=\"text1\">Depuis 2020, Trillion Wealth Limited fournit des services de s\u00e9lection des meilleurs courtiers pour votre stabilit\u00e9 financi\u00e8re. La soci\u00e9t\u00e9 est enregistr\u00e9e aupr\u00e8s du Registre des entreprises de l\u2019Ontario ainsi que d\u2019Innovation, Sciences et D\u00e9veloppement \u00e9conomique Canada, avec un si\u00e8ge social situ\u00e9 au 150 King St W #200, Toronto, ON M5H 1J9. L\u2019entreprise fait r\u00e9guli\u00e8rement l\u2019objet d\u2019inspections gouvernementales, en fournissant ses dossiers et rapports afin de rendre notre activit\u00e9 aussi transparente que possible pour nos clients. Vous pouvez consulter ci-dessous la liste compl\u00e8te des documents juridiques.<\/p>\n","protected":false},"excerpt":{"rendered":"<p>Informations r\u00e9glementaires Depuis 2020, Trillion Wealth Limited fournit des services de s\u00e9lection des meilleurs courtiers pour votre stabilit\u00e9 financi\u00e8re. La soci\u00e9t\u00e9 est enregistr\u00e9e aupr\u00e8s du Registre des entreprises de l\u2019Ontario ainsi que d\u2019Innovation, Sciences et D\u00e9veloppement \u00e9conomique Canada, avec un si\u00e8ge social situ\u00e9 au 150 King St W #200, Toronto, ON M5H 1J9. L\u2019entreprise fait [&hellip;]<\/p>\n","protected":false},"author":1,"featured_media":0,"parent":0,"menu_order":0,"comment_status":"closed","ping_status":"closed","template":"pages-template\/template-regulatory-information.php","meta":{"footnotes":""},"class_list":["post-74","page","type-page","status-publish","hentry"],"_links":{"self":[{"href":"https:\/\/trillionw.com\/fr\/wp-json\/wp\/v2\/pages\/74","targetHints":{"allow":["GET"]}}],"collection":[{"href":"https:\/\/trillionw.com\/fr\/wp-json\/wp\/v2\/pages"}],"about":[{"href":"https:\/\/trillionw.com\/fr\/wp-json\/wp\/v2\/types\/page"}],"author":[{"embeddable":true,"href":"https:\/\/trillionw.com\/fr\/wp-json\/wp\/v2\/users\/1"}],"replies":[{"embeddable":true,"href":"https:\/\/trillionw.com\/fr\/wp-json\/wp\/v2\/comments?post=74"}],"version-history":[{"count":5,"href":"https:\/\/trillionw.com\/fr\/wp-json\/wp\/v2\/pages\/74\/revisions"}],"predecessor-version":[{"id":171,"href":"https:\/\/trillionw.com\/fr\/wp-json\/wp\/v2\/pages\/74\/revisions\/171"}],"wp:attachment":[{"href":"https:\/\/trillionw.com\/fr\/wp-json\/wp\/v2\/media?parent=74"}],"curies":[{"name":"wp","href":"https:\/\/api.w.org\/{rel}","templated":true}]}}