{"id":78,"date":"2025-05-23T14:31:03","date_gmt":"2025-05-23T11:31:03","guid":{"rendered":"https:\/\/trillionw.com\/?page_id=78"},"modified":"2025-05-27T15:06:46","modified_gmt":"2025-05-27T12:06:46","slug":"terms-conditions","status":"publish","type":"page","link":"https:\/\/trillionw.com\/fr\/terms-conditions\/","title":{"rendered":"Conditions g\u00e9n\u00e9rales"},"content":{"rendered":"<h1>Conditions g\u00e9n\u00e9rales<\/h1>\n<p class=\"text1\">Vous trouverez ici toutes les principales politiques juridiques qui r\u00e9gissent votre utilisation de nos sites web, produits et services. Les documents list\u00e9s ci-dessous constituent ensemble nos Conditions g\u00e9n\u00e9rales d\u2019utilisation. Veuillez vous assurer de les lire et de les accepter avant d\u2019acc\u00e9der \u00e0 notre plateforme ou de l\u2019utiliser.<\/p>\n","protected":false},"excerpt":{"rendered":"<p>Conditions g\u00e9n\u00e9rales Vous trouverez ici toutes les principales politiques juridiques qui r\u00e9gissent votre utilisation de nos sites web, produits et services. Les documents list\u00e9s ci-dessous constituent ensemble nos Conditions g\u00e9n\u00e9rales d\u2019utilisation. Veuillez vous assurer de les lire et de les accepter avant d\u2019acc\u00e9der \u00e0 notre plateforme ou de l\u2019utiliser.<\/p>\n","protected":false},"author":1,"featured_media":0,"parent":0,"menu_order":0,"comment_status":"closed","ping_status":"closed","template":"pages-template\/template-terms-conditions.php","meta":{"footnotes":""},"class_list":["post-78","page","type-page","status-publish","hentry"],"_links":{"self":[{"href":"https:\/\/trillionw.com\/fr\/wp-json\/wp\/v2\/pages\/78","targetHints":{"allow":["GET"]}}],"collection":[{"href":"https:\/\/trillionw.com\/fr\/wp-json\/wp\/v2\/pages"}],"about":[{"href":"https:\/\/trillionw.com\/fr\/wp-json\/wp\/v2\/types\/page"}],"author":[{"embeddable":true,"href":"https:\/\/trillionw.com\/fr\/wp-json\/wp\/v2\/users\/1"}],"replies":[{"embeddable":true,"href":"https:\/\/trillionw.com\/fr\/wp-json\/wp\/v2\/comments?post=78"}],"version-history":[{"count":4,"href":"https:\/\/trillionw.com\/fr\/wp-json\/wp\/v2\/pages\/78\/revisions"}],"predecessor-version":[{"id":136,"href":"https:\/\/trillionw.com\/fr\/wp-json\/wp\/v2\/pages\/78\/revisions\/136"}],"wp:attachment":[{"href":"https:\/\/trillionw.com\/fr\/wp-json\/wp\/v2\/media?parent=78"}],"curies":[{"name":"wp","href":"https:\/\/api.w.org\/{rel}","templated":true}]}}