{"id":84,"date":"2025-05-23T16:30:12","date_gmt":"2025-05-23T13:30:12","guid":{"rendered":"https:\/\/trillionw.com\/?page_id=84"},"modified":"2025-05-27T15:02:36","modified_gmt":"2025-05-27T12:02:36","slug":"secure-responsible-trading","status":"publish","type":"page","link":"https:\/\/trillionw.com\/fr\/secure-responsible-trading\/","title":{"rendered":"Trading s\u00e9curis\u00e9 et responsable"},"content":{"rendered":"<h1>Trading s\u00e9curis\u00e9 et responsable<\/h1>\n<p class=\"text1\">Le trading en ligne offre des opportunit\u00e9s passionnantes, mais comporte \u00e9galement des risques inh\u00e9rents. Nous encourageons tous les utilisateurs \u00e0 prioriser la s\u00e9curit\u00e9 de leur compte et \u00e0 aborder le trading de mani\u00e8re responsable afin de tirer le meilleur parti de leur exp\u00e9rience.<\/p>\n","protected":false},"excerpt":{"rendered":"<p>Trading s\u00e9curis\u00e9 et responsable Le trading en ligne offre des opportunit\u00e9s passionnantes, mais comporte \u00e9galement des risques inh\u00e9rents. Nous encourageons tous les utilisateurs \u00e0 prioriser la s\u00e9curit\u00e9 de leur compte et \u00e0 aborder le trading de mani\u00e8re responsable afin de tirer le meilleur parti de leur exp\u00e9rience.<\/p>\n","protected":false},"author":1,"featured_media":0,"parent":0,"menu_order":0,"comment_status":"closed","ping_status":"closed","template":"pages-template\/template-secure-responsible-trading.php","meta":{"footnotes":""},"class_list":["post-84","page","type-page","status-publish","hentry"],"_links":{"self":[{"href":"https:\/\/trillionw.com\/fr\/wp-json\/wp\/v2\/pages\/84","targetHints":{"allow":["GET"]}}],"collection":[{"href":"https:\/\/trillionw.com\/fr\/wp-json\/wp\/v2\/pages"}],"about":[{"href":"https:\/\/trillionw.com\/fr\/wp-json\/wp\/v2\/types\/page"}],"author":[{"embeddable":true,"href":"https:\/\/trillionw.com\/fr\/wp-json\/wp\/v2\/users\/1"}],"replies":[{"embeddable":true,"href":"https:\/\/trillionw.com\/fr\/wp-json\/wp\/v2\/comments?post=84"}],"version-history":[{"count":3,"href":"https:\/\/trillionw.com\/fr\/wp-json\/wp\/v2\/pages\/84\/revisions"}],"predecessor-version":[{"id":133,"href":"https:\/\/trillionw.com\/fr\/wp-json\/wp\/v2\/pages\/84\/revisions\/133"}],"wp:attachment":[{"href":"https:\/\/trillionw.com\/fr\/wp-json\/wp\/v2\/media?parent=84"}],"curies":[{"name":"wp","href":"https:\/\/api.w.org\/{rel}","templated":true}]}}